{"id":76,"date":"2022-06-15T11:17:27","date_gmt":"2022-06-15T11:17:27","guid":{"rendered":"http:\/\/www.anttolanurheilijat.fi\/partioaittaviesti\/?page_id=76"},"modified":"2025-05-31T05:54:11","modified_gmt":"2025-05-31T05:54:11","slug":"kilpailuohjeet","status":"publish","type":"page","link":"http:\/\/www.anttolanurheilijat.fi\/partioaittaviesti\/kilpailuohjeet\/","title":{"rendered":"Kilpailuohjeet"},"content":{"rendered":"\n<h3 class=\"wp-block-heading\">Alustavat kilpailuohjeet (viim. p\u00e4ivitys 31.5. klo 8.55, summary in English at the end of this page)<\/h3>\n\n\n\n<p><strong>Partioaitta-viesti, Viestiliigan 3. osakilpailu 1.6.2025<\/strong><\/p>\n\n\n\n<p><em>Lopulliset kilpailuohjeet julkaistaan internetin kisasivuilla (www.anttolanurheilijat.fi\/partioaittaviesti)&nbsp; ja kilpailukeskuksen ilmoitustaululla sunnuntaina 1.6.2025<\/em><\/p>\n\n\n\n<p><strong>S\u00e4\u00e4nn\u00f6t<\/strong><\/p>\n\n\n\n<p>Kilpailuissa noudatetaan SSL:n s\u00e4\u00e4nt\u00f6j\u00e4 ja n\u00e4it\u00e4 j\u00e4rjest\u00e4j\u00e4n antamia ohjeita.&nbsp;<\/p>\n\n\n\n<p><strong>Kilpailun johto, ratamestarit, valvoja, tulospalvelu, kuulutus, Info ja tuomarineuvosto:<\/strong><\/p>\n\n\n\n<p>Kilpailun johtaja: Mika Rautio<\/p>\n\n\n\n<p>Ratamestariryhm\u00e4n johtaja, ratamestari (H\/D21): Risto Haikonen<\/p>\n\n\n\n<p>Ratamestarit (kuntosarjat): Elli Korpinen ja Veera Liukkonen<\/p>\n\n\n\n<p>Tulospalvelu: Risto Kivinen<\/p>\n\n\n\n<p>Kuulutus: Harri Mehto ja Esa Kurki<\/p>\n\n\n\n<p>Info: Laura Hyyryl\u00e4inen ja Noora Koskinen<\/p>\n\n\n\n<p>Valvoja: Juhani Sihvonen (Navi)<\/p>\n\n\n\n<p>Tuomarineuvosto:\u00a0 Arttu Syrj\u00e4l\u00e4inen, pj (HS), Marika Teini (KR) ja Karoliina Ukskoski (LS-37)<\/p>\n\n\n\n<p><strong>Kilpailukartta<\/strong><\/p>\n\n\n\n<p>Kilpailukartta on valmistunut 5\/2025. Kartoittaja Olli-Jussi Korpinen. Kartan mittakaava on 1:10 000 ja k\u00e4yr\u00e4v\u00e4li 5 metri\u00e4. Kartan koko on A4. Kartta on tulostekartta ja se on muovikotelossa.<\/p>\n\n\n\n<p>Kartat ker\u00e4t\u00e4\u00e4n pois maaliin tulleilta kilpailijoilta, ja ne palautetaan infon l\u00e4heisyydess\u00e4 kuuluttajan ohjeiden mukaisesti. Kuntosarjojen kartat palautetaan klo 12.30 j\u00e4lkeen ja muiden sarjojen kartat noin klo 14 kuuluttajan ohjeiden mukaisesti.<\/p>\n\n\n\n<p><strong>Ratamerkinn\u00e4t ja rastinm\u00e4\u00e4ritteet<\/strong><\/p>\n\n\n\n<p>Rasteja on joillakin radoilla l\u00e4hekk\u00e4in ja\/tai l\u00e4hell\u00e4 toiselta rastilta l\u00e4htev\u00e4\u00e4 pakollista viitoitusta. Radan ja kartan luettavuuden takia kaikkien rastinumeroiden kokoa pienennetty n. 10 % kartan kuvausohjeen mukaisesta. Rastinm\u00e4\u00e4ritteet on painettu karttaan, ja rastikoodit n\u00e4kyv\u00e4t vain rastinm\u00e4\u00e4ritteiss\u00e4. Rastinm\u00e4\u00e4ritteen ruutukoko on 5,8 mm.<\/p>\n\n\n\n<p><strong>Reilu peli<\/strong><\/p>\n\n\n\n<p>Palautettua karttaa ei saa n\u00e4ytt\u00e4\u00e4 kilpailijalle, joka ei ole viel\u00e4 l\u00e4htenyt osuudelleen.<\/p>\n\n\n\n<p>Kilpailijoiden omien reittien jakaminen (esim. Strava ja vastaavat internet-palvelut) ja kilpailukartasta otettujen j\u00e4ljenn\u00f6sten (valokuvat\/skannaukset jne.) julkaisu internetiss\u00e4 on sallittu su 1.6. klo 14:00 alkaen, mutta ei aiemmin.<\/p>\n\n\n\n<p>Viestiliigan kilpailu H\/D21 sarjoissa televisioidaan ISTV:n ja Ruudun kautta. L\u00e4hetyksen seuraaminen kilpailukeskuksessa omista mobiililaitteista on ehdottomasti kielletty kilpailijoille, huoltajille ja yleis\u00f6lle! Pyyd\u00e4mme huomioimaan, ett\u00e4 kisakeskuksessa mobiilidatan k\u00e4ytt\u00f6mahdollisuus on rajallista.<\/p>\n\n\n\n<p><strong>Maasto<\/strong><\/p>\n\n\n\n<p>Kilpailukutsussa mainitun mukainen. Maastossa on paikoin yksitt\u00e4isi\u00e4 kaatuneita puita, joiden juurakot voivat olla korkeita. Juurakoita ei ole merkitty karttaan. Hidastavan maapohjan merkill\u00e4 on kuvattu muutama laajempi kaatuneiden puiden alue. Maastossa on joitakin heikosti erottuvia rajapyykkej\u00e4, joita ei ole merkitty karttaan.<\/p>\n\n\n\n<p><strong>Rastit<\/strong><\/p>\n\n\n\n<p>Rasteilla on rastilippu ja emit-leimasin. Mallirasti on infon vieress\u00e4.&nbsp;<\/p>\n\n\n\n<p><strong>Kielletyt alueet ja pakolliset reitit<\/strong><\/p>\n\n\n\n<p>Pihamaiden lis\u00e4ksi karttaan on merkitty yksi kielletty alue, jota ei ole merkitty maastoon.<\/p>\n\n\n\n<p>L\u00e4ht\u00f6- ja maaliviitoituksen lis\u00e4ksi tiettyjen osuuksien ratoihin sis\u00e4ltyy pakollinen reitti, joka on merkitty maastoon yhten\u00e4isell\u00e4 nauhalla. Pakollisen reitin alusta ja lopusta on kerrottu maastossa asianmukaisin kyltein.<\/p>\n\n\n\n<p><strong>Sarjat, ratapituudet ja noususummat<\/strong><\/p>\n\n\n\n<figure class=\"wp-block-table\"><table class=\"has-fixed-layout\"><tbody><tr><td><strong>Sarja<\/strong><\/td><td><strong>Matka, km<\/strong><\/td><td><strong>Kokonais-nousu, m<\/strong><\/td><\/tr><tr><td>H21<br>1. osuus<\/td><td><br><br>7,29 &#8211; 7,37<\/td><td><br><br>285-295<\/td><\/tr><tr><td>2. osuus<\/td><td>7,29 &#8211; 7,37<\/td><td>285-295<\/td><\/tr><tr><td>3. osuus<\/td><td>7,57 &#8211; 7,65<\/td><td>285-295<\/td><\/tr><\/tbody><\/table><\/figure>\n\n\n\n<figure class=\"wp-block-table\"><table class=\"has-fixed-layout\"><tbody><tr><td><strong>Sarja<\/strong><\/td><td><strong>Matka, km<\/strong><\/td><td><strong>Kokonais-nousu, m<\/strong><\/td><\/tr><tr><td>D21<br>1. osuus<\/td><td><br><br>5,64 &#8211; 5,80<\/td><td><br><br>220 &#8211; 240<\/td><\/tr><tr><td>2. osuus<\/td><td>5,64 &#8211; 5,80<\/td><td>220 &#8211; 240<\/td><\/tr><tr><td>3. osuus<\/td><td>5,80 &#8211; 5,94<\/td><td>225 &#8211; 245<\/td><\/tr><\/tbody><\/table><\/figure>\n\n\n\n<figure class=\"wp-block-table\"><table class=\"has-fixed-layout\"><tbody><tr><td><strong>Sarja<\/strong><\/td><td><strong>Matka, km<\/strong><\/td><td><strong>Kokonais-nousu, m<\/strong><\/td><\/tr><tr><td>Kunto 1. ja 2. osuus<\/td><td><br>3,68 &#8211; 3,71<br><\/td><td><br>110 &#8211; 115<\/td><\/tr><\/tbody><\/table><\/figure>\n\n\n\n<p>Matkoihin sis\u00e4ltyy viitoituksia n. 300-400 m.<\/p>\n\n\n\n<p><strong>Kilpailumateriaali<\/strong><\/p>\n\n\n\n<p>Kilpailunumerot ovat k\u00e4yt\u00f6ss\u00e4 Viestiliigan sarjoissa D21 ja H21. Kuntosarjassa ei k\u00e4ytet\u00e4 kilpailunumeroita. Kilpailunumerot ja emit-tarkistusliuskat ovat saatavilla Infosta seurakohtaisesti.&nbsp; Kilpailija kiinnitt\u00e4\u00e4 numeron <strong><em>omilla hakaneuloillaan<\/em><\/strong><strong>.<\/strong>&nbsp;<\/p>\n\n\n\n<p>Kilpailija merkitsee itse kilpailu- ja osuusnumeronsa tarkistusliuskaan ja on vastuussa tarkistusliuskan kiinni pysymisest\u00e4 emit-kortissa.<\/p>\n\n\n\n<p><strong>Emit-kilpailukortit<\/strong><\/p>\n\n\n\n<p>Emit-leimaus. Vuokrakortin (hinta 5 e) voi noutaa Infosta, jonne se on my\u00f6s palautettava kilpailun j\u00e4lkeen. Palauttamattomasta vuokrakortista perit\u00e4\u00e4n 70 euron maksu. Kilpailija on itse vastuussa emit-korttinsa toimivuudesta.V\u00e4\u00e4r\u00e4ll\u00e4 emit-kortilla kilpaileminen johtaa suorituksen hylk\u00e4\u00e4miseen. Emit-kortin toiminta on tarkistettavissa kilpailukeskuksessa.&nbsp;<\/p>\n\n\n\n<p>Emit-korttien muutokset kilpailup\u00e4iv\u00e4n\u00e4 Infossa. Muutokset ovat maksullisia (5e\/muutos). Maksutapoina infossa k\u00e4y k\u00e4teinen (tasaraha), korttimaksu ja MobilePay.&nbsp;<\/p>\n\n\n\n<p><strong>Juoksuj\u00e4rjestykset<\/strong><\/p>\n\n\n\n<p>Viestijoukkueiden juoksuj\u00e4rjestykset ja Emit-korttien numerot on j\u00e4tett\u00e4v\u00e4 Irma-palveluun lauantaihin 31.5 klo 18:00 menness\u00e4. T\u00e4m\u00e4n j\u00e4lkeen tapahtuvat muutokset juoksuj\u00e4rjestyksiin ja emit-numeroihin ovat maksullisia, ja on j\u00e4tett\u00e4v\u00e4 Infoon kisap\u00e4iv\u00e4n\u00e4 viimeist\u00e4\u00e4n klo 9:00. Muutosmaksu (5\u20ac \/ muutos) suoritetaan Infoon. Maksutapoina Infossa k\u00e4y k\u00e4teinen (tasaraha), korttimaksu ja MobilePay.&nbsp;<\/p>\n\n\n\n<p><strong>L\u00e4ht\u00f6<\/strong><\/p>\n\n\n\n<p>L\u00e4hd\u00f6t tapahtuvat kilpailukeskuksesta klo 10.40 (Kuntosarjat), 11.00 (H21) ja 12.15 (D21). L\u00e4ht\u00f6alueen sis\u00e4\u00e4np\u00e4\u00e4syn portilla on Emit-kortin nollaus.<\/p>\n\n\n\n<p>L\u00e4ht\u00f6paikalla toimitaan kuuluttajan ja toimitsijoiden ohjeiden mukaisesti. Kilpailijat siirtyv\u00e4t kilpailunumeronsa osoittamalle paikalle noin 4 minuuttia ennen l\u00e4ht\u00f6hetke\u00e4, jolloin kulku l\u00e4ht\u00f6alueelle suljetaan. L\u00e4ht\u00f6numerot on merkitty maahan. Kilpailijat asettuvat oman kilpailunumeronsa taakse riveitt\u00e4in. L\u00e4ht\u00f6paikalla on l\u00e4ht\u00f6kaaviokuva, josta selvi\u00e4\u00e4 tarkempi paikka. Kartat jaetaan kilpailijoille k\u00e4teen. Saadessaan kartan toimitsijalta kilpailijan on varmistettava, ett\u00e4 h\u00e4nell\u00e4 on kilpailunumeroaan vastaava kartta.<\/p>\n\n\n\n<p>L\u00e4ht\u00f6merkki ammutaan haulikolla. Kilpailija ei saa liikkua paikaltaan tai katsoa karttaa ennen l\u00e4ht\u00f6\u00e4. Varasl\u00e4hd\u00f6n ottaneet tai sen aiheuttaneet joukkueet hyl\u00e4t\u00e4\u00e4n.<\/p>\n\n\n\n<p>L\u00e4hd\u00f6st\u00e4 my\u00f6h\u00e4styneet joukkueet saavat karttansa l\u00e4hd\u00f6n j\u00e4lkeen toimitsijalta.<\/p>\n\n\n\n<p><strong>Vaihto<\/strong><\/p>\n\n\n\n<p>Vaihtoalueen sis\u00e4\u00e4np\u00e4\u00e4syn portilla on Emit-kortin nollaus. Vaihtoaan odottava kilpailija saa poistua peltoalueelta K-pisteelle johtavalle viitoitukselle vasta kartan saatuaan.<\/p>\n\n\n\n<p>Viimeiselt\u00e4 rastilta on pakollinen viitoitus vaihtoon. Vaihtoon saapuva kilpailija k\u00e4ytt\u00e4\u00e4 viitoituksen <strong>vasenta <\/strong>kaistaa ja leimaa maaliviivan kohdalla vaihtoleimauksen, josta saadaan kilpailijan vaihtoaika. Kilpailija luovuttaa karttansa toimitsijalle vaihtoleimauksen j\u00e4lkeen ja jatkaa edelleen karttatelineelle. Vaihtoon saapuva kilpailija vastaa oikean kartan antamisesta seuraavan osuuden kilpailijalle. V\u00e4\u00e4r\u00e4ll\u00e4 kartalla maastoon eteneminen johtaa joukkueen hylk\u00e4\u00e4miseen. Jos seuraavan osuuden kilpailijan karttaa ei ole karttatelineess\u00e4, ilmoittaa vaihtoon saapunut kilpailija siit\u00e4 vaihdon toimitsijalle, jolta saa varakartan. Menetetty\u00e4 aikaa ei hyvitet\u00e4. Vaihdon j\u00e4lkeen kilpailija siirtyy leimantarkastukseen. Ep\u00e4selv\u00e4t tapaukset selvitet\u00e4\u00e4n itkumuurilla.<\/p>\n\n\n\n<p><strong>Maali<\/strong><\/p>\n\n\n\n<p>Viimeiselt\u00e4 rastilta on pakollinen viitoitus maaliin.&nbsp; Maaliin saapuva kilpailija k\u00e4ytt\u00e4\u00e4 viitoituksen <strong>oikeaa <\/strong>kaistaa. Maalituomari ratkaisee H21- ja D21- sarjoissa 15 ensimm\u00e4isen joukkueen maaliintuloj\u00e4rjestyksen maaliviivalla. Muiden joukkueiden sijoituksen ratkaisee maalileimausaika. Maaliviiva on noin 3 metri\u00e4 ennen maalileimasinta. Kaikki kilpailijat suorittavat maalileimauksen v\u00e4litt\u00f6m\u00e4sti maaliviivan ylitt\u00e4misen j\u00e4lkeen. Maali suljetaan klo 16.45.<\/p>\n\n\n\n<p>Maalin j\u00e4lkeen kilpailija siirtyy leimantarkastukseen. Ep\u00e4selv\u00e4t tapaukset selvitet\u00e4\u00e4n itkumuurilla.<\/p>\n\n\n\n<p><strong><em>Huom! Yksil\u00f6sarjaan tai pariviestiin osallistuva: tarkista poikkeavat l\u00e4ht\u00f6-, vaihto- ja maalitoiminnot kohdasta \u201dKuntosuunnistuksen lis\u00e4ohjeet.<\/em><\/strong><\/p>\n\n\n\n<p><strong>Uusintal\u00e4ht\u00f6<\/strong><\/p>\n\n\n\n<p>Kunkin sarjan vaihto suljetaan n. 5 min ennen kyseisen sarjan uusintal\u00e4ht\u00f6\u00e4. Uusintal\u00e4ht\u00f6 vaihtoa odottaville kilpailijoille tapahtuu karttatelineelt\u00e4, ja sen tarkka aika ilmoitetaan kuulutuksella.<\/p>\n\n\n\n<p>Arvioidut ajat: Pariviesti klo 11.45, H21 13.30 ja D21 14.45.<\/p>\n\n\n\n<p><strong>Keskeytt\u00e4neet<\/strong><\/p>\n\n\n\n<p>Keskeytt\u00e4neen kilpailijan on tultava suoraan maaliin ja ilmoittauduttava maalihenkil\u00f6st\u00f6lle.<\/p>\n\n\n\n<p><strong>Pukeutuminen, peseytyminen ja wc:t<\/strong><\/p>\n\n\n\n<p>Pukeutuminen kentt\u00e4olosuhteissa. Pesupaikkaa ei ole. Virallisten uimarantojen ja -paikkojen sijainnit voi tarkistaa internet-osoitteessa www.uimaan.fi<\/p>\n\n\n\n<p>WC on kilpailukeskuksessa seurateltta-alueen vieress\u00e4. Lis\u00e4ksi l\u00e4ht\u00f6\/vaihtoalueella on WC.&nbsp;<\/p>\n\n\n\n<p><strong>Juoma<\/strong><\/p>\n\n\n\n<p>Vesipiste kilpailukeskuksessa kahvion yhteydess\u00e4. Maastossa ei ole juomapisteit\u00e4.<\/p>\n\n\n\n<p><strong>Ensiapu<\/strong><\/p>\n\n\n\n<p>Ensiapupaikka on kilpailukeskuksessa peltoparkin kulkuaukon l\u00e4heisyydess\u00e4. Maastossa kilpailun aikana liikkuvilla toimitsijoilla on puhelinyhteys ensiapupaikalle loukkaantumistapausten varalta.<\/p>\n\n\n\n<p><strong>Verryttely<\/strong><\/p>\n\n\n\n<p>Verryttely tapahtuu kilpailukeskuksen peltoalueella. Teiden k\u00e4ytt\u00f6 verryttelyyn on kielletty.<\/p>\n\n\n\n<p><strong>Valokuvaaminen ja videointi<\/strong><\/p>\n\n\n\n<p>Maastossa ja kilpailukeskuksessa on kuvaajia ja kuvauslaitteistoja, jotka tallentavat kilpailua.<\/p>\n\n\n\n<p><strong>Seurateltat<\/strong><\/p>\n\n\n\n<p>Seurateltoille on varattu alue kilpailukeskuksen pohjoisosasta. Ks. kilpailukeskuksen kartta.<\/p>\n\n\n\n<p><strong>Palvelut<\/strong><\/p>\n\n\n\n<p>Kahviossa makkaraa, kahvi\/tee, s\u00e4mpyl\u00e4\/pulla, virvoitusjuomia ja makeisia. K\u00e4teismaksu, mobilepay ja maksukortti.<\/p>\n\n\n\n<p>Suunnistustarvikemyym\u00e4l\u00e4 palvelee maatalon pihapiiriss\u00e4.<\/p>\n\n\n\n<p><strong>Pys\u00e4k\u00f6inti<\/strong><\/p>\n\n\n\n<p>Pys\u00e4k\u00f6intimaksu 5 \u20ac\/auto maksetaan Infoon. Maksuv\u00e4linein\u00e4 k\u00e4y k\u00e4teinen (tasaraha), maksukortti ja MobilePay. Parkkilippu esitett\u00e4v\u00e4 paikoituksesta poistuessa.&nbsp;<\/p>\n\n\n\n<p><strong>Tulokset<\/strong><\/p>\n\n\n\n<p>Internetin kisasivuilla. Kilpailun aikana ep\u00e4viralliset online-tulokset ja kilpailun p\u00e4\u00e4tytty\u00e4 viralliset tulosluettelot.&nbsp;<\/p>\n\n\n\n<p><strong>Palkinnot ja palkintojen jako<\/strong><\/p>\n\n\n\n<p>Palkinnot viestikilpailun kolmelle parhaalle joukkueelle jaetaan haastattelupisteell\u00e4 kuuluttajan ohjeen mukaisesti.<\/p>\n\n\n\n<p><strong>GPS-seuranta<\/strong><\/p>\n\n\n\n<p>Viestiss\u00e4 k\u00e4ytet\u00e4\u00e4n GPS-seurantaa D21 ja H21-sarjoissa. J\u00e4rjest\u00e4j\u00e4 valitsee ne joukkueet, joiden kilpailijoiden on kannettava mukanaan GPS-l\u00e4hetint\u00e4. Kilpailun aikana kilpailutilanteen mukaan j\u00e4rjest\u00e4j\u00e4t voivat vaihtaa seurattavia joukkueita. J\u00e4rjest\u00e4j\u00e4 tiedottaa vaihdoksista kuuluttajan v\u00e4lityksell\u00e4. Seurantalaite ja tarvittaessa my\u00f6s laitteen kantoliivi luovutetaan kilpailijalle ennen siirtymist\u00e4 l\u00e4ht\u00f6- ja vaihtoalueelle GPS-pisteess\u00e4. Laite ja kantoliivi palautetaan osuussuorituksen j\u00e4lkeen GPS-pisteeseen.<\/p>\n\n\n\n<h2 class=\"wp-block-heading\">Kuntosuunnistuksen lis\u00e4ohjeet<\/h2>\n\n\n\n<p><strong>L\u00e4ht\u00f6<\/strong><\/p>\n\n\n\n<p>Kilpailijan on oltava l\u00e4ht\u00f6alueella kaksi minuuttia ennen l\u00e4ht\u00f6\u00e4. Muuten l\u00e4ht\u00f6toiminnot ovat samat kuin sarjoilla H21 ja D21.<\/p>\n\n\n\n<p><strong>Vaihto<\/strong><\/p>\n\n\n\n<p>Pariviestin ensimm\u00e4isen osuuden kilpailija etenee vaihtokarsinaan, leimaa vaihtoleimauksen, luovuttaa toimitsijalle karttansa ja jatkaa vaihtopuomille. Toisen osuuden kilpailija<strong> ilmoittautuu <\/strong>vaihtopuomin tuntumassa toimitsijalle, joka luovuttaa h\u00e4nelle kartan silloin, kun ensimm\u00e4isen osuuden kilpailija on leimannut <strong>viimeisell\u00e4 rastilla. <\/strong>Toisen osuuden kilpailija voi l\u00e4hte\u00e4 liikkeelle ja katsoa karttaa vasta, kun edellisen osuuden kilpailija on suorittanut vaihdon vaihtopuomilla kosketuksesta.<\/p>\n\n\n\n<p>Yksin pariviesti\u00e4 juokseva kilpailija jatkaa maalileimauksen j\u00e4lkeen vaihtopuomille, jossa h\u00e4n saa toimitsijalta seuraavan osuuden kartan,uuden lainaemitin, ja p\u00e4\u00e4see jatkamaan seuraavalle osuudelle. Oma ensimm\u00e4isen osuuden emit j\u00e4tet\u00e4\u00e4n toimitsijalle ja sen saa takaisin maalissa lainaemiti\u00e4 vastaan.<\/p>\n\n\n\n<p><strong>Maali<\/strong><\/p>\n\n\n\n<p>Yksil\u00f6sarjan sek\u00e4 pariviestin toisen osuuden kilpailijat etenev\u00e4t maalikarsinaan ja suorittavat maalileimauksen. Maalituomaria ei k\u00e4ytet\u00e4, vaan paremmuusj\u00e4rjestyksen ratkaiseen maalileimaushetki.<\/p>\n\n\n\n<p><strong>Kilpailu omalla vastuulla<\/strong><\/p>\n\n\n\n<p>Kuntosuunnistukseen osallistuvan on huolehdittava itse omasta vakuutusturvastaan.<\/p>\n\n\n\n<h3 class=\"wp-block-heading\"><strong>Tervetuloa Partioaitta-viestiin!<\/strong><\/h3>\n\n\n\n<p>Anttolan Urheilijat<\/p>\n\n\n\n<p><\/p>\n\n\n\n<h2 class=\"wp-block-heading\">Summary in English (H21 and D21)<\/h2>\n\n\n\n<p><strong>Start times<\/strong><\/p>\n\n\n\n<p>o&nbsp;&nbsp;&nbsp;The preliminary start time of D21 has been readjusted to 12.15. H21 starts at 11.00.<\/p>\n\n\n\n<p>o&nbsp;&nbsp;&nbsp;The restart times for competitors waiting the changeover after the finish of the winning team are announced by the speaker (estimated H21 13.30, D21 14.45)<\/p>\n\n\n\n<p><strong>Fair play<\/strong><\/p>\n\n\n\n<p>o&nbsp;&nbsp;&nbsp;The competitors and coaches are not allowed to watch the TV broadcast during the competition<\/p>\n\n\n\n<p>o&nbsp;&nbsp;&nbsp;It is not allowed to show the competition map to competitors who have not yet started their courses<\/p>\n\n\n\n<p>o&nbsp;&nbsp;&nbsp;Sharing competitors\u2019 routes (e.g. Strava and similar internet services) and publishing copies (photos\/scans, etc.) of the competition map on the internet is prohibited until 14.00.<\/p>\n\n\n\n<p><strong>Emit-punching<\/strong><\/p>\n\n\n\n<p>o&nbsp;&nbsp;&nbsp;The competitors of legs 1-2 must punch at the changeover and &nbsp;the competitors of leg 3 in the finish. The order of the first 15 teams is judged by the referee at the finish line. The punching time determines the order of the remaining teams.<\/p>\n\n\n\n<p><strong>Forbidden areas<\/strong><\/p>\n\n\n\n<p>o&nbsp;&nbsp;&nbsp;In addition to permanently forbidden areas (symbol 502) there is one out-of-bounds area (709) on the map. The boundary is not marked in the terrain.<\/p>\n\n\n\n<p><strong>Marked routes<\/strong><\/p>\n\n\n\n<p>o&nbsp;&nbsp;&nbsp;In addition to routes leading to start point and from the last control, certain courses include a mandatory route, which is marked in the terrain with a continuous tape.<\/p>\n\n\n\n<p><strong>Course printing<\/strong><\/p>\n\n\n\n<p>o&nbsp;&nbsp;&nbsp;On some courses, the controls are close together and\/or close to the mandatory route starting from another control. Please, pay extra attention to map reading!<\/p>\n\n\n\n<p><strong>Warm-up<\/strong><\/p>\n\n\n\n<p>o&nbsp;&nbsp;&nbsp;Only allowed on the field area of the competition centre. No warming up on the roads.<\/p>\n\n\n\n<p><strong>Parking fee<\/strong><\/p>\n\n\n\n<p>o&nbsp;&nbsp;&nbsp;Parking fee 5 \u20ac \/ car shall be paid at Info. Parking ticket must be presented when leaving the parking area<\/p>\n\n\n\n<p><strong>Liability issues<\/strong><\/p>\n\n\n\n<p>o&nbsp;&nbsp;&nbsp;Competitors are not insured by the organisers<\/p>\n\n\n\n<p>o&nbsp;&nbsp;&nbsp;This summary is unofficial and does not include all issues of the competition instructions: the competition instructions in Finnish will prevail in cases of conflict<\/p>\n","protected":false},"excerpt":{"rendered":"<p>Alustavat kilpailuohjeet (viim. p\u00e4ivitys 31.5. klo 8.55, summary in English at the end of this page) Partioaitta-viesti, Viestiliigan 3. osakilpailu 1.6.2025 Lopulliset kilpailuohjeet julkaistaan internetin kisasivuilla (www.anttolanurheilijat.fi\/partioaittaviesti)&nbsp; ja kilpailukeskuksen ilmoitustaululla sunnuntaina 1.6.2025 S\u00e4\u00e4nn\u00f6t Kilpailuissa noudatetaan SSL:n s\u00e4\u00e4nt\u00f6j\u00e4 ja n\u00e4it\u00e4 j\u00e4rjest\u00e4j\u00e4n antamia ohjeita.&nbsp; Kilpailun johto, ratamestarit, valvoja, tulospalvelu, kuulutus, Info ja tuomarineuvosto: Kilpailun johtaja: Mika Rautio&hellip;&nbsp;<a href=\"http:\/\/www.anttolanurheilijat.fi\/partioaittaviesti\/kilpailuohjeet\/\" rel=\"bookmark\">Lue lis\u00e4\u00e4 &raquo;<span class=\"screen-reader-text\">Kilpailuohjeet<\/span><\/a><\/p>\n","protected":false},"author":1,"featured_media":0,"parent":0,"menu_order":0,"comment_status":"closed","ping_status":"closed","template":"","meta":{"neve_meta_sidebar":"","neve_meta_container":"","neve_meta_enable_content_width":"","neve_meta_content_width":0,"neve_meta_title_alignment":"","neve_meta_author_avatar":"","neve_post_elements_order":"","neve_meta_disable_header":"","neve_meta_disable_footer":"","neve_meta_disable_title":"","footnotes":""},"class_list":["post-76","page","type-page","status-publish","hentry"],"_links":{"self":[{"href":"http:\/\/www.anttolanurheilijat.fi\/partioaittaviesti\/wp-json\/wp\/v2\/pages\/76","targetHints":{"allow":["GET"]}}],"collection":[{"href":"http:\/\/www.anttolanurheilijat.fi\/partioaittaviesti\/wp-json\/wp\/v2\/pages"}],"about":[{"href":"http:\/\/www.anttolanurheilijat.fi\/partioaittaviesti\/wp-json\/wp\/v2\/types\/page"}],"author":[{"embeddable":true,"href":"http:\/\/www.anttolanurheilijat.fi\/partioaittaviesti\/wp-json\/wp\/v2\/users\/1"}],"replies":[{"embeddable":true,"href":"http:\/\/www.anttolanurheilijat.fi\/partioaittaviesti\/wp-json\/wp\/v2\/comments?post=76"}],"version-history":[{"count":32,"href":"http:\/\/www.anttolanurheilijat.fi\/partioaittaviesti\/wp-json\/wp\/v2\/pages\/76\/revisions"}],"predecessor-version":[{"id":1022,"href":"http:\/\/www.anttolanurheilijat.fi\/partioaittaviesti\/wp-json\/wp\/v2\/pages\/76\/revisions\/1022"}],"wp:attachment":[{"href":"http:\/\/www.anttolanurheilijat.fi\/partioaittaviesti\/wp-json\/wp\/v2\/media?parent=76"}],"curies":[{"name":"wp","href":"https:\/\/api.w.org\/{rel}","templated":true}]}}