{"id":100,"date":"2022-06-15T11:23:12","date_gmt":"2022-06-15T11:23:12","guid":{"rendered":"http:\/\/www.anttolanurheilijat.fi\/partioaittaviesti\/?page_id=100"},"modified":"2025-05-27T05:44:13","modified_gmt":"2025-05-27T05:44:13","slug":"maasto","status":"publish","type":"page","link":"https:\/\/www.anttolanurheilijat.fi\/partioaittaviesti\/maasto\/","title":{"rendered":"Maasto"},"content":{"rendered":"\n<h3 class=\"wp-block-heading\">Sijainti<\/h3>\n\n\n\n<iframe src=\"https:\/\/www.google.com\/maps\/embed?pb=!1m17!1m12!1m3!1d30415.888880126597!2d27.762637802566914!3d61.54547798539402!2m3!1f0!2f0!3f0!3m2!1i1024!2i768!4f13.1!3m2!1m1!2zNjHCsDMyJzQ0LjAiTiAyN8KwNDcnMjcuNiJF!5e0!3m2!1sfi!2sfi!4v1745317954114!5m2!1sfi!2sfi\" width=\"600\" height=\"450\" style=\"border:0;\" allowfullscreen=\"\" loading=\"lazy\" referrerpolicy=\"no-referrer-when-downgrade\"><\/iframe>\n\n\n\n<div style=\"height:50px\" aria-hidden=\"true\" class=\"wp-block-spacer\"><\/div>\n\n\n\n<div class=\"wp-block-buttons is-layout-flex wp-block-buttons-is-layout-flex\">\n<div class=\"wp-block-button\"><a class=\"wp-block-button__link has-nv-site-bg-color has-neve-text-color-background-color has-text-color has-background wp-element-button\" href=\"https:\/\/karttarekisteri.fi\/index.php\/pages\/map\/12427\">HARJOITUSKIELTOALUE \/ KARTTAREKISTERI<\/a><\/div>\n<\/div>\n\n\n\n<div style=\"height:49px\" aria-hidden=\"true\" class=\"wp-block-spacer\"><\/div>\n\n\n\n<h3 class=\"wp-block-heading\">Maastokuvaus<\/h3>\n\n\n\n<p>Maljalan maastoalue on tuttu monelle Anttolassa leireilleelle&nbsp;kilpasuunnistajalle. Kilpailuja maastossa on kuitenkin j\u00e4rjestetty harvakseltaan. Vuonna 1998 kilpailtiin yleisten ja juniorisarjojen SM-viestit Putkan pelloilta k\u00e4sin ja vuonna 2014 Kaakon aluemestaruusviestit Hauhalan seudun Riistamiesten majalta. Nyt k\u00e4sill\u00e4 oleva Viestiliigan&nbsp;osakilpailu on hieno jatkumo maaston viestipainotteiseen&nbsp;kilpailuhistoriaan, t\u00e4ll\u00e4 kertaa Jokelan tilan toimiessa kilpailukeskuksena.<\/p>\n\n\n\n<p>Ja&nbsp;viestimaastoksihan Maljala soveltuu mainiosti. Enemm\u00e4n tai v\u00e4hemm\u00e4n julkinen suunnistussalaisuus&nbsp;nimitt\u00e4in on, ett\u00e4 se on Anttolan toiseksi nopein mets\u00e4maasto heti Anttolanhovin drumliinikankaiden j\u00e4lkeen. Muualla Etel\u00e4-Savossa yleinen tukkoisuus l\u00e4hestulkoon loistaa poissaolollaan, mik\u00e4 viestikilpailussa tarkoittaa paitsi vauhdinpitoa my\u00f6s hyvi\u00e4 ohitusmahdollisuuksia. Vauhtiin toki vaikuttaa my\u00f6nteisesti my\u00f6s kilpailun varhainen ajankohta. Partioaitta-viestin kilometrivauhdeissa tuleekin olemaan&nbsp;iso kontrasti elokuussa 2020 j\u00e4rjestetyn Medilaser-viestin vastaaviin, vaikka linnuntie-et\u00e4isyytt\u00e4 n\u00e4iden kahden maaston v\u00e4lill\u00e4 on vain muutama kilometri. Viiden vuoden takaisen kilpailun&nbsp;<a href=\"https:\/\/anttolanurheilijat.fi\/medilaser-viesti-16-8-2020\/\" target=\"_blank\" rel=\"noreferrer noopener\">videotallenteisiin ja GPS-seurantoihin<\/a>&nbsp;kannattaa siltikin tutustua huolella. Kilpailukartta on saman kartoittajan k\u00e4sialaa, ja etenkin kivi-, jyrk\u00e4nne- ja kalliokuvaus&nbsp;on samantyyppist\u00e4 vuodenajasta riippumatta.<\/p>\n\n\n\n<figure class=\"wp-block-gallery has-nested-images columns-2 is-cropped wp-block-gallery-1 is-layout-flex wp-block-gallery-is-layout-flex\">\n<figure class=\"wp-block-image size-large\"><img fetchpriority=\"high\" decoding=\"async\" width=\"1024\" height=\"768\" data-id=\"931\" src=\"https:\/\/www.anttolanurheilijat.fi\/partioaittaviesti\/wp-content\/uploads\/2025\/04\/21-1024x768.jpg\" alt=\"\" class=\"wp-image-931\" srcset=\"https:\/\/www.anttolanurheilijat.fi\/partioaittaviesti\/wp-content\/uploads\/2025\/04\/21-1024x768.jpg 1024w, https:\/\/www.anttolanurheilijat.fi\/partioaittaviesti\/wp-content\/uploads\/2025\/04\/21-300x225.jpg 300w, https:\/\/www.anttolanurheilijat.fi\/partioaittaviesti\/wp-content\/uploads\/2025\/04\/21-768x576.jpg 768w, https:\/\/www.anttolanurheilijat.fi\/partioaittaviesti\/wp-content\/uploads\/2025\/04\/21.jpg 1080w\" sizes=\"(max-width: 1024px) 100vw, 1024px\" \/><\/figure>\n\n\n\n<figure class=\"wp-block-image size-large\"><img decoding=\"async\" width=\"1024\" height=\"768\" data-id=\"932\" src=\"https:\/\/www.anttolanurheilijat.fi\/partioaittaviesti\/wp-content\/uploads\/2025\/04\/22-1024x768.jpg\" alt=\"\" class=\"wp-image-932\" srcset=\"https:\/\/www.anttolanurheilijat.fi\/partioaittaviesti\/wp-content\/uploads\/2025\/04\/22-1024x768.jpg 1024w, https:\/\/www.anttolanurheilijat.fi\/partioaittaviesti\/wp-content\/uploads\/2025\/04\/22-300x225.jpg 300w, https:\/\/www.anttolanurheilijat.fi\/partioaittaviesti\/wp-content\/uploads\/2025\/04\/22-768x576.jpg 768w, https:\/\/www.anttolanurheilijat.fi\/partioaittaviesti\/wp-content\/uploads\/2025\/04\/22.jpg 1080w\" sizes=\"(max-width: 1024px) 100vw, 1024px\" \/><\/figure>\n\n\n\n<figure class=\"wp-block-image size-large\"><img decoding=\"async\" width=\"1024\" height=\"768\" data-id=\"933\" src=\"https:\/\/www.anttolanurheilijat.fi\/partioaittaviesti\/wp-content\/uploads\/2025\/04\/23-1024x768.jpg\" alt=\"\" class=\"wp-image-933\" srcset=\"https:\/\/www.anttolanurheilijat.fi\/partioaittaviesti\/wp-content\/uploads\/2025\/04\/23-1024x768.jpg 1024w, https:\/\/www.anttolanurheilijat.fi\/partioaittaviesti\/wp-content\/uploads\/2025\/04\/23-300x225.jpg 300w, https:\/\/www.anttolanurheilijat.fi\/partioaittaviesti\/wp-content\/uploads\/2025\/04\/23-768x576.jpg 768w, https:\/\/www.anttolanurheilijat.fi\/partioaittaviesti\/wp-content\/uploads\/2025\/04\/23.jpg 1080w\" sizes=\"(max-width: 1024px) 100vw, 1024px\" \/><\/figure>\n\n\n\n<figure class=\"wp-block-image size-large\"><img loading=\"lazy\" decoding=\"async\" width=\"1024\" height=\"768\" data-id=\"934\" src=\"https:\/\/www.anttolanurheilijat.fi\/partioaittaviesti\/wp-content\/uploads\/2025\/04\/24-1024x768.jpg\" alt=\"\" class=\"wp-image-934\" srcset=\"https:\/\/www.anttolanurheilijat.fi\/partioaittaviesti\/wp-content\/uploads\/2025\/04\/24-1024x768.jpg 1024w, https:\/\/www.anttolanurheilijat.fi\/partioaittaviesti\/wp-content\/uploads\/2025\/04\/24-300x225.jpg 300w, https:\/\/www.anttolanurheilijat.fi\/partioaittaviesti\/wp-content\/uploads\/2025\/04\/24-768x576.jpg 768w, https:\/\/www.anttolanurheilijat.fi\/partioaittaviesti\/wp-content\/uploads\/2025\/04\/24.jpg 1080w\" sizes=\"(max-width: 1024px) 100vw, 1024px\" \/><\/figure>\n<\/figure>\n\n\n\n<div style=\"height:49px\" aria-hidden=\"true\" class=\"wp-block-spacer\"><\/div>\n\n\n\n<h3 class=\"wp-block-heading\">Karttapalat<\/h3>\n\n\n\n<figure class=\"wp-block-gallery has-nested-images columns-4 is-cropped wp-block-gallery-2 is-layout-flex wp-block-gallery-is-layout-flex\">\n<figure class=\"wp-block-image size-thumbnail has-custom-border\"><img loading=\"lazy\" decoding=\"async\" width=\"150\" height=\"150\" data-id=\"927\" src=\"https:\/\/www.anttolanurheilijat.fi\/partioaittaviesti\/wp-content\/uploads\/2025\/04\/mp1-150x150.png\" alt=\"\" class=\"wp-image-927\" style=\"border-style:none;border-width:0px;border-radius:0px\" srcset=\"https:\/\/www.anttolanurheilijat.fi\/partioaittaviesti\/wp-content\/uploads\/2025\/04\/mp1-150x150.png 150w, https:\/\/www.anttolanurheilijat.fi\/partioaittaviesti\/wp-content\/uploads\/2025\/04\/mp1.png 260w\" sizes=\"(max-width: 150px) 100vw, 150px\" \/><\/figure>\n\n\n\n<figure class=\"wp-block-image size-large\"><img loading=\"lazy\" decoding=\"async\" width=\"260\" height=\"259\" data-id=\"925\" src=\"https:\/\/www.anttolanurheilijat.fi\/partioaittaviesti\/wp-content\/uploads\/2025\/04\/mp3.png\" alt=\"\" class=\"wp-image-925\" srcset=\"https:\/\/www.anttolanurheilijat.fi\/partioaittaviesti\/wp-content\/uploads\/2025\/04\/mp3.png 260w, https:\/\/www.anttolanurheilijat.fi\/partioaittaviesti\/wp-content\/uploads\/2025\/04\/mp3-150x150.png 150w\" sizes=\"(max-width: 260px) 100vw, 260px\" \/><\/figure>\n\n\n\n<figure class=\"wp-block-image size-large\"><img loading=\"lazy\" decoding=\"async\" width=\"260\" height=\"259\" data-id=\"926\" src=\"https:\/\/www.anttolanurheilijat.fi\/partioaittaviesti\/wp-content\/uploads\/2025\/04\/mp2.png\" alt=\"\" class=\"wp-image-926\" srcset=\"https:\/\/www.anttolanurheilijat.fi\/partioaittaviesti\/wp-content\/uploads\/2025\/04\/mp2.png 260w, https:\/\/www.anttolanurheilijat.fi\/partioaittaviesti\/wp-content\/uploads\/2025\/04\/mp2-150x150.png 150w\" sizes=\"(max-width: 260px) 100vw, 260px\" \/><\/figure>\n\n\n\n<figure class=\"wp-block-image size-large\"><img loading=\"lazy\" decoding=\"async\" width=\"260\" height=\"259\" data-id=\"924\" src=\"https:\/\/www.anttolanurheilijat.fi\/partioaittaviesti\/wp-content\/uploads\/2025\/04\/mp4.png\" alt=\"\" class=\"wp-image-924\" srcset=\"https:\/\/www.anttolanurheilijat.fi\/partioaittaviesti\/wp-content\/uploads\/2025\/04\/mp4.png 260w, https:\/\/www.anttolanurheilijat.fi\/partioaittaviesti\/wp-content\/uploads\/2025\/04\/mp4-150x150.png 150w\" sizes=\"(max-width: 260px) 100vw, 260px\" \/><\/figure>\n<\/figure>\n\n\n\n<div style=\"height:49px\" aria-hidden=\"true\" class=\"wp-block-spacer\"><\/div>\n\n\n\n<h3 class=\"wp-block-heading\">Valvojan lausunto (25.5.2025)<\/h3>\n\n\n\n<p>Maasto on hienoa Saimaan rantakalliomaastoa, jossa on my\u00f6s savolaiseksi maastoksi erinomainen kulkukelpoisuus. Maasto sis\u00e4lt\u00e4\u00e4 pienipiirteisi\u00e4 rinteit\u00e4 ja nopeita m\u00e4kien v\u00e4lisi\u00e4 maastonosia. Hakkuualueita ja tiheik\u00f6it\u00e4 on varsin v\u00e4h\u00e4n. Kev\u00e4\u00e4n koleuden takia lehtipuiden lehdet ovat pieni\u00e4, joten vihre\u00e4ll\u00e4 kuvattujen tiheik\u00f6iden n\u00e4kyvyys ja kulkukelpoisuus on hyv\u00e4. Keskikes\u00e4ll\u00e4 ja syksyll\u00e4 tilanne olisi toinen.<\/p>\n\n\n\n<p>Kartta on tasalaatuinen ja selke\u00e4sti luettava. Radat on suunniteltu varsin pienelle alueelle, joten olkaa tarkkoina, ett\u00e4 olette oikealla rastiv\u00e4lill\u00e4.<\/p>\n\n\n\n<p>Valvoja, Juhani Sihvonen, Navi<\/p>\n\n\n\n<div style=\"height:30px\" aria-hidden=\"true\" class=\"wp-block-spacer\"><\/div>\n\n\n\n<h3 class=\"wp-block-heading\">Vanhoja karttoja alueelta<\/h3>\n\n\n\n<div class=\"wp-block-file\"><a id=\"wp-block-file--media-aefdc94f-cf72-4164-9b63-719bebb7e649\" href=\"http:\/\/www.anttolanurheilijat.fi\/partioaittaviesti\/wp-content\/uploads\/2025\/04\/maljala_1998.png\">maljala_1998<\/a><a href=\"http:\/\/www.anttolanurheilijat.fi\/partioaittaviesti\/wp-content\/uploads\/2025\/04\/maljala_1998.png\" class=\"wp-block-file__button wp-element-button\" download aria-describedby=\"wp-block-file--media-aefdc94f-cf72-4164-9b63-719bebb7e649\">Lataa<\/a><\/div>\n\n\n\n<div class=\"wp-block-file\"><a id=\"wp-block-file--media-ce73271b-1708-42ed-afac-1b17eaf4a023\" href=\"http:\/\/www.anttolanurheilijat.fi\/partioaittaviesti\/wp-content\/uploads\/2025\/04\/maljala1_030814_1.png\">maljala1_030814_1<\/a><a href=\"http:\/\/www.anttolanurheilijat.fi\/partioaittaviesti\/wp-content\/uploads\/2025\/04\/maljala1_030814_1.png\" class=\"wp-block-file__button wp-element-button\" download aria-describedby=\"wp-block-file--media-ce73271b-1708-42ed-afac-1b17eaf4a023\">Lataa<\/a><\/div>\n\n\n\n<p><\/p>\n","protected":false},"excerpt":{"rendered":"<p>Sijainti Maastokuvaus Maljalan maastoalue on tuttu monelle Anttolassa leireilleelle&nbsp;kilpasuunnistajalle. Kilpailuja maastossa on kuitenkin j\u00e4rjestetty harvakseltaan. Vuonna 1998 kilpailtiin yleisten ja juniorisarjojen SM-viestit Putkan pelloilta k\u00e4sin ja vuonna 2014 Kaakon aluemestaruusviestit Hauhalan seudun Riistamiesten majalta. Nyt k\u00e4sill\u00e4 oleva Viestiliigan&nbsp;osakilpailu on hieno jatkumo maaston viestipainotteiseen&nbsp;kilpailuhistoriaan, t\u00e4ll\u00e4 kertaa Jokelan tilan toimiessa kilpailukeskuksena. Ja&nbsp;viestimaastoksihan Maljala soveltuu mainiosti. Enemm\u00e4n tai&hellip;&nbsp;<a href=\"https:\/\/www.anttolanurheilijat.fi\/partioaittaviesti\/maasto\/\" rel=\"bookmark\">Lue lis\u00e4\u00e4 &raquo;<span class=\"screen-reader-text\">Maasto<\/span><\/a><\/p>\n","protected":false},"author":1,"featured_media":0,"parent":0,"menu_order":0,"comment_status":"closed","ping_status":"closed","template":"","meta":{"neve_meta_sidebar":"","neve_meta_container":"","neve_meta_enable_content_width":"","neve_meta_content_width":0,"neve_meta_title_alignment":"","neve_meta_author_avatar":"","neve_post_elements_order":"","neve_meta_disable_header":"","neve_meta_disable_footer":"","neve_meta_disable_title":"","footnotes":""},"class_list":["post-100","page","type-page","status-publish","hentry"],"_links":{"self":[{"href":"https:\/\/www.anttolanurheilijat.fi\/partioaittaviesti\/wp-json\/wp\/v2\/pages\/100","targetHints":{"allow":["GET"]}}],"collection":[{"href":"https:\/\/www.anttolanurheilijat.fi\/partioaittaviesti\/wp-json\/wp\/v2\/pages"}],"about":[{"href":"https:\/\/www.anttolanurheilijat.fi\/partioaittaviesti\/wp-json\/wp\/v2\/types\/page"}],"author":[{"embeddable":true,"href":"https:\/\/www.anttolanurheilijat.fi\/partioaittaviesti\/wp-json\/wp\/v2\/users\/1"}],"replies":[{"embeddable":true,"href":"https:\/\/www.anttolanurheilijat.fi\/partioaittaviesti\/wp-json\/wp\/v2\/comments?post=100"}],"version-history":[{"count":33,"href":"https:\/\/www.anttolanurheilijat.fi\/partioaittaviesti\/wp-json\/wp\/v2\/pages\/100\/revisions"}],"predecessor-version":[{"id":989,"href":"https:\/\/www.anttolanurheilijat.fi\/partioaittaviesti\/wp-json\/wp\/v2\/pages\/100\/revisions\/989"}],"wp:attachment":[{"href":"https:\/\/www.anttolanurheilijat.fi\/partioaittaviesti\/wp-json\/wp\/v2\/media?parent=100"}],"curies":[{"name":"wp","href":"https:\/\/api.w.org\/{rel}","templated":true}]}}