{"id":88,"date":"2022-06-15T11:19:29","date_gmt":"2022-06-15T11:19:29","guid":{"rendered":"http:\/\/www.anttolanurheilijat.fi\/partioaittaviesti\/?page_id=88"},"modified":"2025-04-28T11:42:50","modified_gmt":"2025-04-28T11:42:50","slug":"majoitus","status":"publish","type":"page","link":"https:\/\/www.anttolanurheilijat.fi\/partioaittaviesti\/majoitus\/","title":{"rendered":"Majoitus"},"content":{"rendered":"\n<p>L\u00e4hell\u00e4 sijaitsevia majoitusliikkeit\u00e4:<\/p>\n\n\n\n<p><a href=\"https:\/\/saimaanrantaresort.fi\/\">Saimaanrantaresort (Anttolanhovi)<\/a><\/p>\n\n\n\n<p>6 hengen majoitusmahdollisuus keskelt\u00e4 harjoituskarttaa:<\/p>\n\n\n\n<p><a href=\"https:\/\/www.pitkalahdenem.com\/eramaja\/\">Pitk\u00e4lahden er\u00e4maja<\/a><\/p>\n\n\n\n<p><\/p>\n","protected":false},"excerpt":{"rendered":"<p>L\u00e4hell\u00e4 sijaitsevia majoitusliikkeit\u00e4: Saimaanrantaresort (Anttolanhovi) 6 hengen majoitusmahdollisuus keskelt\u00e4 harjoituskarttaa: Pitk\u00e4lahden er\u00e4maja<\/p>\n","protected":false},"author":1,"featured_media":0,"parent":0,"menu_order":0,"comment_status":"closed","ping_status":"closed","template":"","meta":{"neve_meta_sidebar":"","neve_meta_container":"","neve_meta_enable_content_width":"","neve_meta_content_width":0,"neve_meta_title_alignment":"","neve_meta_author_avatar":"","neve_post_elements_order":"","neve_meta_disable_header":"","neve_meta_disable_footer":"","neve_meta_disable_title":"","footnotes":""},"class_list":["post-88","page","type-page","status-publish","hentry"],"_links":{"self":[{"href":"https:\/\/www.anttolanurheilijat.fi\/partioaittaviesti\/wp-json\/wp\/v2\/pages\/88","targetHints":{"allow":["GET"]}}],"collection":[{"href":"https:\/\/www.anttolanurheilijat.fi\/partioaittaviesti\/wp-json\/wp\/v2\/pages"}],"about":[{"href":"https:\/\/www.anttolanurheilijat.fi\/partioaittaviesti\/wp-json\/wp\/v2\/types\/page"}],"author":[{"embeddable":true,"href":"https:\/\/www.anttolanurheilijat.fi\/partioaittaviesti\/wp-json\/wp\/v2\/users\/1"}],"replies":[{"embeddable":true,"href":"https:\/\/www.anttolanurheilijat.fi\/partioaittaviesti\/wp-json\/wp\/v2\/comments?post=88"}],"version-history":[{"count":16,"href":"https:\/\/www.anttolanurheilijat.fi\/partioaittaviesti\/wp-json\/wp\/v2\/pages\/88\/revisions"}],"predecessor-version":[{"id":952,"href":"https:\/\/www.anttolanurheilijat.fi\/partioaittaviesti\/wp-json\/wp\/v2\/pages\/88\/revisions\/952"}],"wp:attachment":[{"href":"https:\/\/www.anttolanurheilijat.fi\/partioaittaviesti\/wp-json\/wp\/v2\/media?parent=88"}],"curies":[{"name":"wp","href":"https:\/\/api.w.org\/{rel}","templated":true}]}}